{"id":1107,"date":"2025-03-06T12:06:51","date_gmt":"2025-03-06T11:06:51","guid":{"rendered":"https:\/\/alvarojardiner.com\/?page_id=1107"},"modified":"2025-03-11T18:41:34","modified_gmt":"2025-03-11T17:41:34","slug":"terminos-de-servicio","status":"publish","type":"page","link":"https:\/\/alvarojardiner.com\/fr\/terminos-de-servicio\/","title":{"rendered":"Conditions d'utilisation"},"content":{"rendered":"<div data-elementor-type=\"wp-post\" data-elementor-id=\"1107\" class=\"elementor elementor-1107\" data-elementor-post-type=\"page\">\n\t\t\t\t<div class=\"elementor-element elementor-element-acabd64 e-flex e-con-boxed e-con e-parent\" data-id=\"acabd64\" data-element_type=\"container\" data-e-type=\"container\" data-settings=\"{&quot;background_background&quot;:&quot;classic&quot;}\">\n\t\t\t\t\t<div class=\"e-con-inner\">\n\t\t\t\t<div class=\"elementor-element elementor-element-2a20b5c elementor-widget elementor-widget-heading\" data-id=\"2a20b5c\" data-element_type=\"widget\" data-e-type=\"widget\" data-widget_type=\"heading.default\">\n\t\t\t\t<div class=\"elementor-widget-container\">\n\t\t\t\t\t<h2 class=\"elementor-heading-title elementor-size-default\">Conditions d'utilisation<\/h2>\t\t\t\t<\/div>\n\t\t\t\t<\/div>\n\t\t\t\t<div class=\"elementor-element elementor-element-2a53eb2 elementor-widget elementor-widget-text-editor\" data-id=\"2a53eb2\" data-element_type=\"widget\" data-e-type=\"widget\" data-widget_type=\"text-editor.default\">\n\t\t\t\t<div class=\"elementor-widget-container\">\n\t\t\t\t\t\t\t\t\t<p>Les pr\u00e9sentes conditions d'utilisation (\"conditions\") r\u00e9gissent votre utilisation du site web https:\/\/alvarojardiner.com\/ et des services offerts par Alvaro Garcia.<\/p><h3>1. acceptation des conditions<\/h3><p>En acc\u00e9dant \u00e0 notre site et en l'utilisant, vous acceptez les pr\u00e9sentes conditions.<\/p><h3>2. Utilisation autoris\u00e9e<\/h3><p>Vous vous engagez \u00e0 :<\/p><ul data-spread=\"false\"><li><p>N'utilisez pas le site pour des activit\u00e9s ill\u00e9gales.<\/p><\/li><li><p>N'essayez pas d'acc\u00e9der aux informations des autres utilisateurs sans autorisation.<\/p><\/li><\/ul><h3>3. abonnements et paiements (le cas \u00e9ch\u00e9ant)<\/h3><p>Qu'il s'agisse d'abonnements ou d'achats :<\/p><ul data-spread=\"false\"><li><p>L'utilisateur s'engage \u00e0 payer les frais correspondants.<\/p><\/li><li><p>Les politiques d'annulation et de remboursement sont d\u00e9taill\u00e9es.<\/p><\/li><\/ul><h3>4. Limitation de la responsabilit\u00e9<\/h3><p>Nous ne sommes pas responsables des dommages directs ou indirects r\u00e9sultant de l'utilisation du site.<\/p><h3>5. Modifications<\/h3><p>Nous nous r\u00e9servons le droit de modifier ces conditions \u00e0 tout moment. Les utilisateurs seront inform\u00e9s des changements importants.<\/p><h3>6. Droit applicable<\/h3><p>Les pr\u00e9sentes conditions sont r\u00e9gies par les lois espagnoles.<\/p><h3>7. Contact<\/h3><p>Pour toute question concernant ces conditions, vous pouvez nous \u00e9crire \u00e0 l'adresse suivante : jardineriaalvgar@gmail.com.<\/p>\t\t\t\t\t\t\t\t<\/div>\n\t\t\t\t<\/div>\n\t\t\t\t\t<\/div>\n\t\t\t\t<\/div>\n\t\t\t\t<\/div>","protected":false},"excerpt":{"rendered":"<p>T\u00e9rminos de Servicio Estos T\u00e9rminos de Servicio (\u00abT\u00e9rminos\u00bb) regulan el uso del sitio web https:\/\/alvarojardiner.com\/ y los servicios ofrecidos por [&hellip;]<\/p>\n","protected":false},"author":1,"featured_media":0,"parent":0,"menu_order":0,"comment_status":"closed","ping_status":"closed","template":"","meta":{"site-sidebar-layout":"no-sidebar","site-content-layout":"","ast-site-content-layout":"full-width-container","site-content-style":"default","site-sidebar-style":"default","ast-global-header-display":"","ast-banner-title-visibility":"","ast-main-header-display":"","ast-hfb-above-header-display":"","ast-hfb-below-header-display":"","ast-hfb-mobile-header-display":"","site-post-title":"disabled","ast-breadcrumbs-content":"","ast-featured-img":"disabled","footer-sml-layout":"","ast-disable-related-posts":"","theme-transparent-header-meta":"","adv-header-id-meta":"","stick-header-meta":"","header-above-stick-meta":"","header-main-stick-meta":"","header-below-stick-meta":"","astra-migrate-meta-layouts":"default","ast-page-background-enabled":"default","ast-page-background-meta":{"desktop":{"background-color":"var(--ast-global-color-5)","background-image":"","background-repeat":"repeat","background-position":"center center","background-size":"auto","background-attachment":"scroll","background-type":"","background-media":"","overlay-type":"","overlay-color":"","overlay-opacity":"","overlay-gradient":""},"tablet":{"background-color":"","background-image":"","background-repeat":"repeat","background-position":"center center","background-size":"auto","background-attachment":"scroll","background-type":"","background-media":"","overlay-type":"","overlay-color":"","overlay-opacity":"","overlay-gradient":""},"mobile":{"background-color":"","background-image":"","background-repeat":"repeat","background-position":"center center","background-size":"auto","background-attachment":"scroll","background-type":"","background-media":"","overlay-type":"","overlay-color":"","overlay-opacity":"","overlay-gradient":""}},"ast-content-background-meta":{"desktop":{"background-color":"var(--ast-global-color-4)","background-image":"","background-repeat":"repeat","background-position":"center center","background-size":"auto","background-attachment":"scroll","background-type":"","background-media":"","overlay-type":"","overlay-color":"","overlay-opacity":"","overlay-gradient":""},"tablet":{"background-color":"var(--ast-global-color-4)","background-image":"","background-repeat":"repeat","background-position":"center center","background-size":"auto","background-attachment":"scroll","background-type":"","background-media":"","overlay-type":"","overlay-color":"","overlay-opacity":"","overlay-gradient":""},"mobile":{"background-color":"var(--ast-global-color-4)","background-image":"","background-repeat":"repeat","background-position":"center center","background-size":"auto","background-attachment":"scroll","background-type":"","background-media":"","overlay-type":"","overlay-color":"","overlay-opacity":"","overlay-gradient":""}},"footnotes":""},"class_list":["post-1107","page","type-page","status-publish","hentry"],"yoast_head":"<!-- This site is optimized with the Yoast SEO plugin v27.4 - https:\/\/yoast.com\/product\/yoast-seo-wordpress\/ -->\n<title>Terminos de servicio - Alvaro Jardinero<\/title>\n<meta name=\"robots\" content=\"noindex, nofollow\" \/>\n<meta property=\"og:locale\" content=\"fr_FR\" \/>\n<meta property=\"og:type\" content=\"article\" \/>\n<meta property=\"og:title\" content=\"Terminos de servicio - Alvaro Jardinero\" \/>\n<meta property=\"og:description\" content=\"T\u00e9rminos de Servicio Estos T\u00e9rminos de Servicio (\u00abT\u00e9rminos\u00bb) regulan el uso del sitio web https:\/\/alvarojardiner.com\/ y los servicios ofrecidos por [&hellip;]\" \/>\n<meta property=\"og:url\" content=\"https:\/\/alvarojardiner.com\/fr\/terminos-de-servicio\/\" \/>\n<meta property=\"og:site_name\" content=\"Alvaro Jardinero\" \/>\n<meta property=\"article:modified_time\" content=\"2025-03-11T17:41:34+00:00\" \/>\n<meta name=\"twitter:card\" content=\"summary_large_image\" \/>\n<meta name=\"twitter:label1\" content=\"Dur\u00e9e de lecture estim\u00e9e\" \/>\n\t<meta name=\"twitter:data1\" content=\"1 minute\" \/>\n<script type=\"application\/ld+json\" class=\"yoast-schema-graph\">{\"@context\":\"https:\\\/\\\/schema.org\",\"@graph\":[{\"@type\":\"WebPage\",\"@id\":\"https:\\\/\\\/alvarojardiner.com\\\/terminos-de-servicio\\\/\",\"url\":\"https:\\\/\\\/alvarojardiner.com\\\/terminos-de-servicio\\\/\",\"name\":\"Terminos de servicio - Alvaro Jardinero\",\"isPartOf\":{\"@id\":\"https:\\\/\\\/alvarojardiner.com\\\/#website\"},\"datePublished\":\"2025-03-06T11:06:51+00:00\",\"dateModified\":\"2025-03-11T17:41:34+00:00\",\"breadcrumb\":{\"@id\":\"https:\\\/\\\/alvarojardiner.com\\\/terminos-de-servicio\\\/#breadcrumb\"},\"inLanguage\":\"fr-FR\",\"potentialAction\":[{\"@type\":\"ReadAction\",\"target\":[\"https:\\\/\\\/alvarojardiner.com\\\/terminos-de-servicio\\\/\"]}]},{\"@type\":\"BreadcrumbList\",\"@id\":\"https:\\\/\\\/alvarojardiner.com\\\/terminos-de-servicio\\\/#breadcrumb\",\"itemListElement\":[{\"@type\":\"ListItem\",\"position\":1,\"name\":\"Home\",\"item\":\"https:\\\/\\\/alvarojardiner.com\\\/\"},{\"@type\":\"ListItem\",\"position\":2,\"name\":\"Terminos de servicio\"}]},{\"@type\":\"WebSite\",\"@id\":\"https:\\\/\\\/alvarojardiner.com\\\/#website\",\"url\":\"https:\\\/\\\/alvarojardiner.com\\\/\",\"name\":\"Alvaro Jardiner\",\"description\":\"\",\"potentialAction\":[{\"@type\":\"SearchAction\",\"target\":{\"@type\":\"EntryPoint\",\"urlTemplate\":\"https:\\\/\\\/alvarojardiner.com\\\/?s={search_term_string}\"},\"query-input\":{\"@type\":\"PropertyValueSpecification\",\"valueRequired\":true,\"valueName\":\"search_term_string\"}}],\"inLanguage\":\"fr-FR\"}]}<\/script>\n<!-- \/ Yoast SEO plugin. -->","yoast_head_json":{"title":"Terminos de servicio - Alvaro Jardinero","robots":{"index":"noindex","follow":"nofollow"},"og_locale":"fr_FR","og_type":"article","og_title":"Terminos de servicio - Alvaro Jardinero","og_description":"T\u00e9rminos de Servicio Estos T\u00e9rminos de Servicio (\u00abT\u00e9rminos\u00bb) regulan el uso del sitio web https:\/\/alvarojardiner.com\/ y los servicios ofrecidos por [&hellip;]","og_url":"https:\/\/alvarojardiner.com\/fr\/terminos-de-servicio\/","og_site_name":"Alvaro Jardinero","article_modified_time":"2025-03-11T17:41:34+00:00","twitter_card":"summary_large_image","twitter_misc":{"Dur\u00e9e de lecture estim\u00e9e":"1 minute"},"schema":{"@context":"https:\/\/schema.org","@graph":[{"@type":"WebPage","@id":"https:\/\/alvarojardiner.com\/terminos-de-servicio\/","url":"https:\/\/alvarojardiner.com\/terminos-de-servicio\/","name":"Terminos de servicio - Alvaro Jardinero","isPartOf":{"@id":"https:\/\/alvarojardiner.com\/#website"},"datePublished":"2025-03-06T11:06:51+00:00","dateModified":"2025-03-11T17:41:34+00:00","breadcrumb":{"@id":"https:\/\/alvarojardiner.com\/terminos-de-servicio\/#breadcrumb"},"inLanguage":"fr-FR","potentialAction":[{"@type":"ReadAction","target":["https:\/\/alvarojardiner.com\/terminos-de-servicio\/"]}]},{"@type":"BreadcrumbList","@id":"https:\/\/alvarojardiner.com\/terminos-de-servicio\/#breadcrumb","itemListElement":[{"@type":"ListItem","position":1,"name":"Home","item":"https:\/\/alvarojardiner.com\/"},{"@type":"ListItem","position":2,"name":"Terminos de servicio"}]},{"@type":"WebSite","@id":"https:\/\/alvarojardiner.com\/#website","url":"https:\/\/alvarojardiner.com\/","name":"Alvaro Jardiner","description":"","potentialAction":[{"@type":"SearchAction","target":{"@type":"EntryPoint","urlTemplate":"https:\/\/alvarojardiner.com\/?s={search_term_string}"},"query-input":{"@type":"PropertyValueSpecification","valueRequired":true,"valueName":"search_term_string"}}],"inLanguage":"fr-FR"}]}},"_links":{"self":[{"href":"https:\/\/alvarojardiner.com\/fr\/wp-json\/wp\/v2\/pages\/1107","targetHints":{"allow":["GET"]}}],"collection":[{"href":"https:\/\/alvarojardiner.com\/fr\/wp-json\/wp\/v2\/pages"}],"about":[{"href":"https:\/\/alvarojardiner.com\/fr\/wp-json\/wp\/v2\/types\/page"}],"author":[{"embeddable":true,"href":"https:\/\/alvarojardiner.com\/fr\/wp-json\/wp\/v2\/users\/1"}],"replies":[{"embeddable":true,"href":"https:\/\/alvarojardiner.com\/fr\/wp-json\/wp\/v2\/comments?post=1107"}],"version-history":[{"count":13,"href":"https:\/\/alvarojardiner.com\/fr\/wp-json\/wp\/v2\/pages\/1107\/revisions"}],"predecessor-version":[{"id":1212,"href":"https:\/\/alvarojardiner.com\/fr\/wp-json\/wp\/v2\/pages\/1107\/revisions\/1212"}],"wp:attachment":[{"href":"https:\/\/alvarojardiner.com\/fr\/wp-json\/wp\/v2\/media?parent=1107"}],"curies":[{"name":"wp","href":"https:\/\/api.w.org\/{rel}","templated":true}]}}