{"id":1098,"date":"2025-03-05T17:38:20","date_gmt":"2025-03-05T16:38:20","guid":{"rendered":"https:\/\/alvarojardiner.com\/?page_id=1098"},"modified":"2025-03-11T18:41:15","modified_gmt":"2025-03-11T17:41:15","slug":"politicas-de-privacidad","status":"publish","type":"page","link":"https:\/\/alvarojardiner.com\/en\/politicas-de-privacidad\/","title":{"rendered":"Privacy Policy"},"content":{"rendered":"<div data-elementor-type=\"wp-post\" data-elementor-id=\"1098\" class=\"elementor elementor-1098\" data-elementor-post-type=\"page\">\n\t\t\t\t<div class=\"elementor-element elementor-element-fe27eda e-flex e-con-boxed e-con e-parent\" data-id=\"fe27eda\" data-element_type=\"container\" data-e-type=\"container\" data-settings=\"{&quot;background_background&quot;:&quot;classic&quot;}\">\n\t\t\t\t\t<div class=\"e-con-inner\">\n\t\t\t\t<div class=\"elementor-element elementor-element-13f9bdd elementor-widget elementor-widget-heading\" data-id=\"13f9bdd\" data-element_type=\"widget\" data-e-type=\"widget\" data-widget_type=\"heading.default\">\n\t\t\t\t<div class=\"elementor-widget-container\">\n\t\t\t\t\t<h2 class=\"elementor-heading-title elementor-size-default\">Privacy Policy<\/h2>\t\t\t\t<\/div>\n\t\t\t\t<\/div>\n\t\t\t\t<div class=\"elementor-element elementor-element-2f4442c elementor-widget elementor-widget-text-editor\" data-id=\"2f4442c\" data-element_type=\"widget\" data-e-type=\"widget\" data-widget_type=\"text-editor.default\">\n\t\t\t\t<div class=\"elementor-widget-container\">\n\t\t\t\t\t\t\t\t\t<p>\u00a0Alvaro Garcia Servicios de Jardineria is committed to protecting your privacy. This Privacy Policy describes how we collect, use and share your information when you use (\"https:\/\/alvarojardiner.com\").<\/p><h3>1. Information we collect<\/h3><p>We collect the following types of information:<\/p><ul data-spread=\"false\"><li><p><strong>Information provided by the user:<\/strong> Name, email, address, payment information (if applicable), etc.<\/p><\/li><li><p><strong>Usage data:<\/strong> IP address, browser type, pages visited, duration of visit.<\/p><\/li><li><p><strong>Cookies and similar technologies:<\/strong> To improve the user experience and analyse traffic.<\/p><\/li><\/ul><h3>2. How we use your information<\/h3><p>We use your information to:<\/p><ul data-spread=\"false\"><li><p>To provide and improve our service.<\/p><\/li><li><p>Manage subscriptions and payments (if applicable).<\/p><\/li><li><p>Send relevant communications (notifications, newsletters, etc.).<\/p><\/li><li><p>Comply with legal obligations.<\/p><\/li><\/ul><h3>3. Data sharing<\/h3><p>We do not sell your personal information. We may share your information with:<\/p><ul data-spread=\"false\"><li><p>External service providers (hosting, payments, analytics, etc.).<\/p><\/li><li><p>Legal authorities if required by law.<\/p><\/li><\/ul><h3>4. User rights<\/h3><p>You have the right to:<\/p><ul data-spread=\"false\"><li><p>Access, correct or delete your data.<\/p><\/li><li><p>Withdraw your consent at any time.<\/p><\/li><li><p>File a complaint with a data protection authority.<\/p><\/li><\/ul><h3>5. Information security<\/h3><p>We implement security measures to protect your data. However, no data transmission over the Internet is 100% secure.<\/p><h3>6. Contact<\/h3><p>If you have any questions about this policy, you can contact us at: jardineriaalvgar@gmail.com .<\/p>\t\t\t\t\t\t\t\t<\/div>\n\t\t\t\t<\/div>\n\t\t\t\t\t<\/div>\n\t\t\t\t<\/div>\n\t\t\t\t<\/div>","protected":false},"excerpt":{"rendered":"<p>Pol\u00edticas de Privacidad \u00a0\u00c1lvaro Garcia Servicios de Jardineria se compromete a proteger su privacidad. Esta Pol\u00edtica de Privacidad describe c\u00f3mo [&hellip;]<\/p>\n","protected":false},"author":1,"featured_media":0,"parent":0,"menu_order":0,"comment_status":"closed","ping_status":"closed","template":"","meta":{"site-sidebar-layout":"no-sidebar","site-content-layout":"","ast-site-content-layout":"full-width-container","site-content-style":"default","site-sidebar-style":"default","ast-global-header-display":"","ast-banner-title-visibility":"","ast-main-header-display":"","ast-hfb-above-header-display":"","ast-hfb-below-header-display":"","ast-hfb-mobile-header-display":"","site-post-title":"disabled","ast-breadcrumbs-content":"","ast-featured-img":"disabled","footer-sml-layout":"","ast-disable-related-posts":"","theme-transparent-header-meta":"","adv-header-id-meta":"","stick-header-meta":"","header-above-stick-meta":"","header-main-stick-meta":"","header-below-stick-meta":"","astra-migrate-meta-layouts":"default","ast-page-background-enabled":"default","ast-page-background-meta":{"desktop":{"background-color":"var(--ast-global-color-5)","background-image":"","background-repeat":"repeat","background-position":"center center","background-size":"auto","background-attachment":"scroll","background-type":"","background-media":"","overlay-type":"","overlay-color":"","overlay-opacity":"","overlay-gradient":""},"tablet":{"background-color":"","background-image":"","background-repeat":"repeat","background-position":"center center","background-size":"auto","background-attachment":"scroll","background-type":"","background-media":"","overlay-type":"","overlay-color":"","overlay-opacity":"","overlay-gradient":""},"mobile":{"background-color":"","background-image":"","background-repeat":"repeat","background-position":"center center","background-size":"auto","background-attachment":"scroll","background-type":"","background-media":"","overlay-type":"","overlay-color":"","overlay-opacity":"","overlay-gradient":""}},"ast-content-background-meta":{"desktop":{"background-color":"var(--ast-global-color-4)","background-image":"","background-repeat":"repeat","background-position":"center center","background-size":"auto","background-attachment":"scroll","background-type":"","background-media":"","overlay-type":"","overlay-color":"","overlay-opacity":"","overlay-gradient":""},"tablet":{"background-color":"var(--ast-global-color-4)","background-image":"","background-repeat":"repeat","background-position":"center center","background-size":"auto","background-attachment":"scroll","background-type":"","background-media":"","overlay-type":"","overlay-color":"","overlay-opacity":"","overlay-gradient":""},"mobile":{"background-color":"var(--ast-global-color-4)","background-image":"","background-repeat":"repeat","background-position":"center center","background-size":"auto","background-attachment":"scroll","background-type":"","background-media":"","overlay-type":"","overlay-color":"","overlay-opacity":"","overlay-gradient":""}},"footnotes":""},"class_list":["post-1098","page","type-page","status-publish","hentry"],"yoast_head":"<!-- This site is optimized with the Yoast SEO plugin v27.4 - https:\/\/yoast.com\/product\/yoast-seo-wordpress\/ -->\n<title>Politicas de Privacidad - Alvaro Jardinero<\/title>\n<meta name=\"robots\" content=\"noindex, nofollow\" \/>\n<meta property=\"og:locale\" content=\"en_GB\" \/>\n<meta property=\"og:type\" content=\"article\" \/>\n<meta property=\"og:title\" content=\"Politicas de Privacidad - Alvaro Jardinero\" \/>\n<meta property=\"og:description\" content=\"Pol\u00edticas de Privacidad \u00a0\u00c1lvaro Garcia Servicios de Jardineria se compromete a proteger su privacidad. Esta Pol\u00edtica de Privacidad describe c\u00f3mo [&hellip;]\" \/>\n<meta property=\"og:url\" content=\"https:\/\/alvarojardiner.com\/en\/politicas-de-privacidad\/\" \/>\n<meta property=\"og:site_name\" content=\"Alvaro Jardinero\" \/>\n<meta property=\"article:modified_time\" content=\"2025-03-11T17:41:15+00:00\" \/>\n<meta name=\"twitter:card\" content=\"summary_large_image\" \/>\n<meta name=\"twitter:label1\" content=\"Estimated reading time\" \/>\n\t<meta name=\"twitter:data1\" content=\"1 minute\" \/>\n<script type=\"application\/ld+json\" class=\"yoast-schema-graph\">{\"@context\":\"https:\\\/\\\/schema.org\",\"@graph\":[{\"@type\":\"WebPage\",\"@id\":\"https:\\\/\\\/alvarojardiner.com\\\/politicas-de-privacidad\\\/\",\"url\":\"https:\\\/\\\/alvarojardiner.com\\\/politicas-de-privacidad\\\/\",\"name\":\"Politicas de Privacidad - Alvaro Jardinero\",\"isPartOf\":{\"@id\":\"https:\\\/\\\/alvarojardiner.com\\\/#website\"},\"datePublished\":\"2025-03-05T16:38:20+00:00\",\"dateModified\":\"2025-03-11T17:41:15+00:00\",\"breadcrumb\":{\"@id\":\"https:\\\/\\\/alvarojardiner.com\\\/politicas-de-privacidad\\\/#breadcrumb\"},\"inLanguage\":\"en-GB\",\"potentialAction\":[{\"@type\":\"ReadAction\",\"target\":[\"https:\\\/\\\/alvarojardiner.com\\\/politicas-de-privacidad\\\/\"]}]},{\"@type\":\"BreadcrumbList\",\"@id\":\"https:\\\/\\\/alvarojardiner.com\\\/politicas-de-privacidad\\\/#breadcrumb\",\"itemListElement\":[{\"@type\":\"ListItem\",\"position\":1,\"name\":\"Home\",\"item\":\"https:\\\/\\\/alvarojardiner.com\\\/\"},{\"@type\":\"ListItem\",\"position\":2,\"name\":\"Politicas de Privacidad\"}]},{\"@type\":\"WebSite\",\"@id\":\"https:\\\/\\\/alvarojardiner.com\\\/#website\",\"url\":\"https:\\\/\\\/alvarojardiner.com\\\/\",\"name\":\"Alvaro Jardiner\",\"description\":\"\",\"potentialAction\":[{\"@type\":\"SearchAction\",\"target\":{\"@type\":\"EntryPoint\",\"urlTemplate\":\"https:\\\/\\\/alvarojardiner.com\\\/?s={search_term_string}\"},\"query-input\":{\"@type\":\"PropertyValueSpecification\",\"valueRequired\":true,\"valueName\":\"search_term_string\"}}],\"inLanguage\":\"en-GB\"}]}<\/script>\n<!-- \/ Yoast SEO plugin. -->","yoast_head_json":{"title":"Politicas de Privacidad - Alvaro Jardinero","robots":{"index":"noindex","follow":"nofollow"},"og_locale":"en_GB","og_type":"article","og_title":"Politicas de Privacidad - Alvaro Jardinero","og_description":"Pol\u00edticas de Privacidad \u00a0\u00c1lvaro Garcia Servicios de Jardineria se compromete a proteger su privacidad. Esta Pol\u00edtica de Privacidad describe c\u00f3mo [&hellip;]","og_url":"https:\/\/alvarojardiner.com\/en\/politicas-de-privacidad\/","og_site_name":"Alvaro Jardinero","article_modified_time":"2025-03-11T17:41:15+00:00","twitter_card":"summary_large_image","twitter_misc":{"Estimated reading time":"1 minute"},"schema":{"@context":"https:\/\/schema.org","@graph":[{"@type":"WebPage","@id":"https:\/\/alvarojardiner.com\/politicas-de-privacidad\/","url":"https:\/\/alvarojardiner.com\/politicas-de-privacidad\/","name":"Politicas de Privacidad - Alvaro Jardinero","isPartOf":{"@id":"https:\/\/alvarojardiner.com\/#website"},"datePublished":"2025-03-05T16:38:20+00:00","dateModified":"2025-03-11T17:41:15+00:00","breadcrumb":{"@id":"https:\/\/alvarojardiner.com\/politicas-de-privacidad\/#breadcrumb"},"inLanguage":"en-GB","potentialAction":[{"@type":"ReadAction","target":["https:\/\/alvarojardiner.com\/politicas-de-privacidad\/"]}]},{"@type":"BreadcrumbList","@id":"https:\/\/alvarojardiner.com\/politicas-de-privacidad\/#breadcrumb","itemListElement":[{"@type":"ListItem","position":1,"name":"Home","item":"https:\/\/alvarojardiner.com\/"},{"@type":"ListItem","position":2,"name":"Politicas de Privacidad"}]},{"@type":"WebSite","@id":"https:\/\/alvarojardiner.com\/#website","url":"https:\/\/alvarojardiner.com\/","name":"Alvaro Jardiner","description":"","potentialAction":[{"@type":"SearchAction","target":{"@type":"EntryPoint","urlTemplate":"https:\/\/alvarojardiner.com\/?s={search_term_string}"},"query-input":{"@type":"PropertyValueSpecification","valueRequired":true,"valueName":"search_term_string"}}],"inLanguage":"en-GB"}]}},"_links":{"self":[{"href":"https:\/\/alvarojardiner.com\/en\/wp-json\/wp\/v2\/pages\/1098","targetHints":{"allow":["GET"]}}],"collection":[{"href":"https:\/\/alvarojardiner.com\/en\/wp-json\/wp\/v2\/pages"}],"about":[{"href":"https:\/\/alvarojardiner.com\/en\/wp-json\/wp\/v2\/types\/page"}],"author":[{"embeddable":true,"href":"https:\/\/alvarojardiner.com\/en\/wp-json\/wp\/v2\/users\/1"}],"replies":[{"embeddable":true,"href":"https:\/\/alvarojardiner.com\/en\/wp-json\/wp\/v2\/comments?post=1098"}],"version-history":[{"count":16,"href":"https:\/\/alvarojardiner.com\/en\/wp-json\/wp\/v2\/pages\/1098\/revisions"}],"predecessor-version":[{"id":1209,"href":"https:\/\/alvarojardiner.com\/en\/wp-json\/wp\/v2\/pages\/1098\/revisions\/1209"}],"wp:attachment":[{"href":"https:\/\/alvarojardiner.com\/en\/wp-json\/wp\/v2\/media?parent=1098"}],"curies":[{"name":"wp","href":"https:\/\/api.w.org\/{rel}","templated":true}]}}